{"id":836,"date":"2021-03-08T12:52:36","date_gmt":"2021-03-08T12:52:36","guid":{"rendered":"https:\/\/surfschool.no\/?page_id=836"},"modified":"2025-05-27T12:35:47","modified_gmt":"2025-05-27T12:35:47","slug":"surfekurs-skoler-klubber-og-organisasjoner","status":"publish","type":"page","link":"https:\/\/surfschool.no\/en\/surfekurs-skoler-klubber-og-organisasjoner\/","title":{"rendered":"Surfe kurs for grupper"},"content":{"rendered":"<div data-elementor-type=\"wp-page\" data-elementor-id=\"836\" class=\"elementor elementor-836\" data-elementor-post-type=\"page\">\n\t\t\t\t\t\t<section class=\"elementor-section elementor-top-section elementor-element elementor-element-8bd574f elementor-section-boxed elementor-section-height-default elementor-section-height-default\" data-id=\"8bd574f\" data-element_type=\"section\" data-e-type=\"section\">\n\t\t\t\t\t\t<div class=\"elementor-container elementor-column-gap-default\">\n\t\t\t\t\t<div class=\"elementor-column elementor-col-100 elementor-top-column elementor-element elementor-element-f3da1a4\" data-id=\"f3da1a4\" data-element_type=\"column\" data-e-type=\"column\">\n\t\t\t<div class=\"elementor-widget-wrap elementor-element-populated\">\n\t\t\t\t\t\t<div class=\"elementor-element elementor-element-33e09c9 elementor-widget elementor-widget-heading\" data-id=\"33e09c9\" data-element_type=\"widget\" data-e-type=\"widget\" data-settings=\"{&quot;_animation&quot;:&quot;none&quot;,&quot;_animation_delay&quot;:100}\" data-widget_type=\"heading.default\">\n\t\t\t\t<div class=\"elementor-widget-container\">\n\t\t\t\t\t<h2 class=\"elementor-heading-title elementor-size-default\">Surf course for groups\n<\/h2>\t\t\t\t<\/div>\n\t\t\t\t<\/div>\n\t\t\t\t<div class=\"elementor-element elementor-element-120acda elementor-widget elementor-widget-text-editor\" data-id=\"120acda\" data-element_type=\"widget\" data-e-type=\"widget\" data-settings=\"{&quot;_animation&quot;:&quot;none&quot;}\" data-widget_type=\"text-editor.default\">\n\t\t\t\t<div class=\"elementor-widget-container\">\n\t\t\t\t\t\t\t\t\t<p><span style=\"font-size: 1rem;\">SURFE KURS FOR GRUPPER FRA KUN KR 250,- PR DELTAKER ! Inkludert alt utstyr, instruksjon og surfing s\u00e5 lenge dere orker !&nbsp;<\/span><\/p>\n<p>Familie , venner, kollegaer, bedrift, skole, utdritings lag , studenter , organisasjoner osv. osv. surfe kurs for grupper er for alle !<\/p>\n<p>Velkommen til surfe kurs hos oss ! V\u00e5re dyktige instrukt\u00f8rer tar dere gjennom helt basis surfe kunnskap, som viktig sikkerhet, hvordan fange \u00e5 surfe en hvit skum b\u00f8lge og hvordan reise seg og surfe st\u00e5ende p\u00e5 surfe brettet . For deg som har surfet f\u00f8r, legger vi til rette for at du f\u00e5 enda mer erfaring og glede av surfing, v\u00e5re instrukt\u00f8rer tilpasser instruksjonen etter ditt behov.<\/p>\n<p>Etter over 25 \u00e5rs erfaring og langt over 100.000 deltakere p\u00e5 v\u00e5res surfe kurs, vet vi akkurat hva du trenger, for \u00e5 f\u00e5 en god dag p\u00e5 surfing, det v\u00e6re seg alt fra valg av surfe strand, sandbanker i sj\u00f8en og instruksjon !&nbsp;<\/p>\n<p>Dere bestemmer selv hvilken dag og tid dere \u00f8nsker \u00e5 ha surfe kurset !<\/p>\n<p>Det er ingen forh\u00e5nds betaling eller reservasjons gebyr, n\u00e5r dere booker surfe kurs hos oss !&nbsp;<\/p><p><span style=\"font-size: 1rem;\">&nbsp;Ved booking av gruppe surfe kurs, bestemmer dere selv dag og tid for surfe kurset , uavhengig av v\u00e5re \u00e5pnings tider.<\/span><\/p>\n<p><span style=\"font-size: 1rem;\">For booking kontakt oss&nbsp; p\u00e5 mobil 911 26 489 eller&nbsp;<\/span><a style=\"text-align: var(--text-align); font-size: 1rem; background-color: #ffffff;\" href=\"mailto:surfschool.no@gmail.com\" target=\"_blank\" rel=\"noopener\">surfschool.no@gmail.com<\/a><span style=\"text-align: var(--text-align); font-size: 1rem;\">&nbsp;<\/span><\/p>\t\t\t\t\t\t\t\t<\/div>\n\t\t\t\t<\/div>\n\t\t\t\t\t<\/div>\n\t\t<\/div>\n\t\t\t\t\t<\/div>\n\t\t<\/section>\n\t\t\t\t<section class=\"elementor-section elementor-top-section elementor-element elementor-element-04eb75e elementor-section-boxed elementor-section-height-default elementor-section-height-default\" data-id=\"04eb75e\" data-element_type=\"section\" data-e-type=\"section\">\n\t\t\t\t\t\t<div class=\"elementor-container elementor-column-gap-default\">\n\t\t\t\t\t<div class=\"elementor-column elementor-col-100 elementor-top-column elementor-element elementor-element-c51d764\" data-id=\"c51d764\" data-element_type=\"column\" data-e-type=\"column\">\n\t\t\t<div class=\"elementor-widget-wrap elementor-element-populated\">\n\t\t\t\t\t\t<div class=\"elementor-element elementor-element-6b2cc8c elementor-widget-divider--view-line elementor-widget elementor-widget-divider\" data-id=\"6b2cc8c\" data-element_type=\"widget\" data-e-type=\"widget\" data-settings=\"{&quot;_animation&quot;:&quot;none&quot;}\" data-widget_type=\"divider.default\">\n\t\t\t\t<div class=\"elementor-widget-container\">\n\t\t\t\t\t\t\t<div class=\"elementor-divider\">\n\t\t\t<span class=\"elementor-divider-separator\">\n\t\t\t\t\t\t<\/span>\n\t\t<\/div>\n\t\t\t\t\t\t<\/div>\n\t\t\t\t<\/div>\n\t\t\t\t<div class=\"elementor-element elementor-element-69fbe42 elementor-widget-divider--view-line elementor-widget elementor-widget-divider\" data-id=\"69fbe42\" data-element_type=\"widget\" data-e-type=\"widget\" data-settings=\"{&quot;_animation&quot;:&quot;none&quot;}\" data-widget_type=\"divider.default\">\n\t\t\t\t<div class=\"elementor-widget-container\">\n\t\t\t\t\t\t\t<div class=\"elementor-divider\">\n\t\t\t<span class=\"elementor-divider-separator\">\n\t\t\t\t\t\t<\/span>\n\t\t<\/div>\n\t\t\t\t\t\t<\/div>\n\t\t\t\t<\/div>\n\t\t\t\t\t<\/div>\n\t\t<\/div>\n\t\t\t\t\t<\/div>\n\t\t<\/section>\n\t\t\t\t<section class=\"elementor-section elementor-top-section elementor-element elementor-element-71cca7c elementor-section-boxed elementor-section-height-default elementor-section-height-default\" data-id=\"71cca7c\" data-element_type=\"section\" data-e-type=\"section\">\n\t\t\t\t\t\t<div class=\"elementor-container elementor-column-gap-default\">\n\t\t\t\t\t<div class=\"elementor-column elementor-col-100 elementor-top-column elementor-element elementor-element-ffa43f7\" data-id=\"ffa43f7\" data-element_type=\"column\" data-e-type=\"column\">\n\t\t\t<div class=\"elementor-widget-wrap elementor-element-populated\">\n\t\t\t\t\t\t<div class=\"elementor-element elementor-element-6d86d5c elementor-widget elementor-widget-heading\" data-id=\"6d86d5c\" data-element_type=\"widget\" data-e-type=\"widget\" data-settings=\"{&quot;_animation&quot;:&quot;none&quot;,&quot;_animation_delay&quot;:100}\" data-widget_type=\"heading.default\">\n\t\t\t\t<div class=\"elementor-widget-container\">\n\t\t\t\t\t<h2 class=\"elementor-heading-title elementor-size-default\">Booking<\/h2>\t\t\t\t<\/div>\n\t\t\t\t<\/div>\n\t\t\t\t<div class=\"elementor-element elementor-element-2a79119 elementor-widget elementor-widget-text-editor\" data-id=\"2a79119\" data-element_type=\"widget\" data-e-type=\"widget\" data-settings=\"{&quot;_animation&quot;:&quot;none&quot;}\" data-widget_type=\"text-editor.default\">\n\t\t\t\t<div class=\"elementor-widget-container\">\n\t\t\t\t\t\t\t\t\t<p class=\"\">For bookings or questions, call\/SMS +47 911 26 489 or&nbsp;<a href=\"mailto:surfschool.no@gmail.com\" target=\"_blank\" rel=\"noopener\">surfschool.no@gmail.com<\/a><\/p>\t\t\t\t\t\t\t\t<\/div>\n\t\t\t\t<\/div>\n\t\t\t\t<div class=\"elementor-element elementor-element-38daa93 elementor-widget-divider--view-line elementor-widget elementor-widget-divider\" data-id=\"38daa93\" data-element_type=\"widget\" data-e-type=\"widget\" data-settings=\"{&quot;_animation&quot;:&quot;none&quot;}\" data-widget_type=\"divider.default\">\n\t\t\t\t<div class=\"elementor-widget-container\">\n\t\t\t\t\t\t\t<div class=\"elementor-divider\">\n\t\t\t<span class=\"elementor-divider-separator\">\n\t\t\t\t\t\t<\/span>\n\t\t<\/div>\n\t\t\t\t\t\t<\/div>\n\t\t\t\t<\/div>\n\t\t\t\t\t<\/div>\n\t\t<\/div>\n\t\t\t\t\t<\/div>\n\t\t<\/section>\n\t\t\t\t<\/div>","protected":false},"excerpt":{"rendered":"<p>Surfekurs for grupper SURFE KURS FOR GRUPPER FRA KUN KR 250,- PR DELTAKER ! Inkludert alt utstyr, instruksjon og surfing s\u00e5 lenge dere orker !&nbsp; Familie , venner, kollegaer, bedrift, skole, utdritings lag , studenter , organisasjoner osv. osv. surfe kurs for grupper er for alle ! Velkommen til surfe kurs hos oss ! V\u00e5re [&hellip;]<\/p>\n","protected":false},"author":8,"featured_media":813,"parent":0,"menu_order":0,"comment_status":"closed","ping_status":"closed","template":"","meta":{"_monsterinsights_skip_tracking":false,"_monsterinsights_sitenote_active":false,"_monsterinsights_sitenote_note":"","_monsterinsights_sitenote_category":0,"footnotes":""},"class_list":["post-836","page","type-page","status-publish","has-post-thumbnail","hentry"],"aioseo_notices":[],"_links":{"self":[{"href":"https:\/\/surfschool.no\/en\/wp-json\/wp\/v2\/pages\/836","targetHints":{"allow":["GET"]}}],"collection":[{"href":"https:\/\/surfschool.no\/en\/wp-json\/wp\/v2\/pages"}],"about":[{"href":"https:\/\/surfschool.no\/en\/wp-json\/wp\/v2\/types\/page"}],"author":[{"embeddable":true,"href":"https:\/\/surfschool.no\/en\/wp-json\/wp\/v2\/users\/8"}],"replies":[{"embeddable":true,"href":"https:\/\/surfschool.no\/en\/wp-json\/wp\/v2\/comments?post=836"}],"version-history":[{"count":35,"href":"https:\/\/surfschool.no\/en\/wp-json\/wp\/v2\/pages\/836\/revisions"}],"predecessor-version":[{"id":29043,"href":"https:\/\/surfschool.no\/en\/wp-json\/wp\/v2\/pages\/836\/revisions\/29043"}],"wp:featuredmedia":[{"embeddable":true,"href":"https:\/\/surfschool.no\/en\/wp-json\/wp\/v2\/media\/813"}],"wp:attachment":[{"href":"https:\/\/surfschool.no\/en\/wp-json\/wp\/v2\/media?parent=836"}],"curies":[{"name":"wp","href":"https:\/\/api.w.org\/{rel}","templated":true}]}}