{"id":810,"date":"2021-03-08T12:19:24","date_gmt":"2021-03-08T12:19:24","guid":{"rendered":"https:\/\/surfschool.no\/?page_id=810"},"modified":"2025-11-27T15:39:36","modified_gmt":"2025-11-27T15:39:36","slug":"drop-in-surfing-oppsamlingskurs","status":"publish","type":"page","link":"https:\/\/surfschool.no\/en\/drop-in-surfing-oppsamlingskurs\/","title":{"rendered":"DROP-IN SURFKURS KUN KR 390,-"},"content":{"rendered":"<div data-elementor-type=\"wp-page\" data-elementor-id=\"810\" class=\"elementor elementor-810\" data-elementor-post-type=\"page\">\n\t\t\t\t\t\t<section class=\"elementor-section elementor-top-section elementor-element elementor-element-dca5a08 elementor-section-boxed elementor-section-height-default elementor-section-height-default\" data-id=\"dca5a08\" data-element_type=\"section\" data-e-type=\"section\">\n\t\t\t\t\t\t<div class=\"elementor-container elementor-column-gap-default\">\n\t\t\t\t\t<div class=\"elementor-column elementor-col-100 elementor-top-column elementor-element elementor-element-2dde486\" data-id=\"2dde486\" data-element_type=\"column\" data-e-type=\"column\">\n\t\t\t<div class=\"elementor-widget-wrap elementor-element-populated\">\n\t\t\t\t\t\t<div class=\"elementor-element elementor-element-d71c3c8 elementor-widget elementor-widget-heading\" data-id=\"d71c3c8\" data-element_type=\"widget\" data-e-type=\"widget\" data-settings=\"{&quot;_animation&quot;:&quot;none&quot;,&quot;_animation_delay&quot;:100}\" data-widget_type=\"heading.default\">\n\t\t\t\t<div class=\"elementor-widget-container\">\n\t\t\t\t\t<h2 class=\"elementor-heading-title elementor-size-default\">Drop in surfekurs !\n\n<\/h2>\t\t\t\t<\/div>\n\t\t\t\t<\/div>\n\t\t\t\t\t<\/div>\n\t\t<\/div>\n\t\t\t\t\t<\/div>\n\t\t<\/section>\n\t\t\t\t<section class=\"elementor-section elementor-top-section elementor-element elementor-element-99d5541 elementor-section-boxed elementor-section-height-default elementor-section-height-default\" data-id=\"99d5541\" data-element_type=\"section\" data-e-type=\"section\">\n\t\t\t\t\t\t<div class=\"elementor-container elementor-column-gap-default\">\n\t\t\t\t\t<div class=\"elementor-column elementor-col-100 elementor-top-column elementor-element elementor-element-af928ae\" data-id=\"af928ae\" data-element_type=\"column\" data-e-type=\"column\">\n\t\t\t<div class=\"elementor-widget-wrap elementor-element-populated\">\n\t\t\t\t\t\t<div class=\"elementor-element elementor-element-db98fbd elementor-widget-divider--view-line elementor-widget elementor-widget-divider\" data-id=\"db98fbd\" data-element_type=\"widget\" data-e-type=\"widget\" data-settings=\"{&quot;_animation&quot;:&quot;none&quot;}\" data-widget_type=\"divider.default\">\n\t\t\t\t<div class=\"elementor-widget-container\">\n\t\t\t\t\t\t\t<div class=\"elementor-divider\">\n\t\t\t<span class=\"elementor-divider-separator\">\n\t\t\t\t\t\t<\/span>\n\t\t<\/div>\n\t\t\t\t\t\t<\/div>\n\t\t\t\t<\/div>\n\t\t\t\t<div class=\"elementor-element elementor-element-4503fbf elementor-widget__width-initial elementor-widget elementor-widget-text-editor\" data-id=\"4503fbf\" data-element_type=\"widget\" data-e-type=\"widget\" data-settings=\"{&quot;_animation&quot;:&quot;none&quot;}\" data-widget_type=\"text-editor.default\">\n\t\t\t\t<div class=\"elementor-widget-container\">\n\t\t\t\t\t\t\t\t\t<p>DET ER DROP-IN SURFEKURS HVER L\u00d8RDAG KL 10:00 TIL KUN KR 390,- Inkludert alt utstyr, instruksjon og surf s\u00e5 lenge du vil ! ( Gjelder innen for v\u00e5re oppgitte \u00e5pningstider )<\/p>\n<p>DET ER DROP-IN SURFEKURS HVER DAG KL 10:00 I SOMMER FERIEN OG P\u00c5SKE FERIEN TIL KUN KR 390,- inkludert alt utsyr, instruksjon og surf s\u00e5 lenge du vil( Gjelder innen for v\u00e5res oppgitte \u00e5pnings tider )<\/p>\n<p>Drop-in surfe kurset er for deg som aldri har surfet f\u00f8r, der v\u00e5re dyktige instrukt\u00f8rer tar deg gjennom helt basis surfe kunnskap, som viktig sikkerhet,&nbsp; hvordan fange og surfe en hvit skums b\u00f8lge og reise seg \u00e5 surfe st\u00e5ende p\u00e5 surfe brettet. Etter over 25 \u00e5rs erfaring og langt over 100.000 deltagere p\u00e5 v\u00e5res surfe kurs , vet vi akkurat hva du trenger, for \u00e5 f\u00e5 en god dag p\u00e5 surfing , det v\u00e6re seg alt fra valg av surfe strand, sandbanker i sj\u00f8en og instruksjon.<\/p>\n<p>For deg som har surfet f\u00f8r, legger vi til rette for at du skal f\u00e5 enda mer erfaring og glede av surfingen, du st\u00e5r fritt til \u00e5 ta kontakt med v\u00e5res instrukt\u00f8rer for gode r\u00e5d og tips !<\/p>\n<p>Du er hjertelig velkommen til oss !<\/p>\n<p>For mer informasjon kontakt oss p\u00e5 Mobil (+47) 911 26 489 eller Mail: surfschool.no@gmail.com<\/p>\t\t\t\t\t\t\t\t<\/div>\n\t\t\t\t<\/div>\n\t\t\t\t\t<\/div>\n\t\t<\/div>\n\t\t\t\t\t<\/div>\n\t\t<\/section>\n\t\t\t\t<section class=\"elementor-section elementor-top-section elementor-element elementor-element-a5fcdcb elementor-section-boxed elementor-section-height-default elementor-section-height-default\" data-id=\"a5fcdcb\" data-element_type=\"section\" data-e-type=\"section\">\n\t\t\t\t\t\t<div class=\"elementor-container elementor-column-gap-default\">\n\t\t\t\t\t<div class=\"elementor-column elementor-col-100 elementor-top-column elementor-element elementor-element-40745c0\" data-id=\"40745c0\" data-element_type=\"column\" data-e-type=\"column\">\n\t\t\t<div class=\"elementor-widget-wrap elementor-element-populated\">\n\t\t\t\t\t\t\t<\/div>\n\t\t<\/div>\n\t\t\t\t\t<\/div>\n\t\t<\/section>\n\t\t\t\t<\/div>","protected":false},"excerpt":{"rendered":"<p>Drop in surfekurs ! DET ER DROP-IN SURFEKURS HVER L\u00d8RDAG KL 10:00 TIL KUN KR 390,- Inkludert alt utstyr, instruksjon og surf s\u00e5 lenge du vil ! ( Gjelder innen for v\u00e5re oppgitte \u00e5pningstider ) DET ER DROP-IN SURFEKURS HVER DAG KL 10:00 I SOMMER FERIEN OG P\u00c5SKE FERIEN TIL KUN KR 390,- inkludert alt [&hellip;]<\/p>\n","protected":false},"author":8,"featured_media":813,"parent":0,"menu_order":0,"comment_status":"closed","ping_status":"closed","template":"","meta":{"_monsterinsights_skip_tracking":false,"_monsterinsights_sitenote_active":false,"_monsterinsights_sitenote_note":"","_monsterinsights_sitenote_category":0,"footnotes":""},"class_list":["post-810","page","type-page","status-publish","has-post-thumbnail","hentry"],"aioseo_notices":[],"_links":{"self":[{"href":"https:\/\/surfschool.no\/en\/wp-json\/wp\/v2\/pages\/810","targetHints":{"allow":["GET"]}}],"collection":[{"href":"https:\/\/surfschool.no\/en\/wp-json\/wp\/v2\/pages"}],"about":[{"href":"https:\/\/surfschool.no\/en\/wp-json\/wp\/v2\/types\/page"}],"author":[{"embeddable":true,"href":"https:\/\/surfschool.no\/en\/wp-json\/wp\/v2\/users\/8"}],"replies":[{"embeddable":true,"href":"https:\/\/surfschool.no\/en\/wp-json\/wp\/v2\/comments?post=810"}],"version-history":[{"count":117,"href":"https:\/\/surfschool.no\/en\/wp-json\/wp\/v2\/pages\/810\/revisions"}],"predecessor-version":[{"id":29774,"href":"https:\/\/surfschool.no\/en\/wp-json\/wp\/v2\/pages\/810\/revisions\/29774"}],"wp:featuredmedia":[{"embeddable":true,"href":"https:\/\/surfschool.no\/en\/wp-json\/wp\/v2\/media\/813"}],"wp:attachment":[{"href":"https:\/\/surfschool.no\/en\/wp-json\/wp\/v2\/media?parent=810"}],"curies":[{"name":"wp","href":"https:\/\/api.w.org\/{rel}","templated":true}]}}