{"id":26499,"date":"2023-07-04T08:48:33","date_gmt":"2023-07-04T08:48:33","guid":{"rendered":"https:\/\/surfschool.no\/?page_id=26499"},"modified":"2026-04-23T15:51:55","modified_gmt":"2026-04-23T15:51:55","slug":"dagens-strand","status":"publish","type":"page","link":"https:\/\/surfschool.no\/en\/dagens-strand\/","title":{"rendered":"Dagens beste surfestrand! skroll ned"},"content":{"rendered":"<div data-elementor-type=\"wp-page\" data-elementor-id=\"26499\" class=\"elementor elementor-26499\" data-elementor-post-type=\"page\">\n\t\t\t\t<div class=\"elementor-element elementor-element-89446b5 e-con-full e-flex e-con e-parent\" data-id=\"89446b5\" data-element_type=\"container\" data-e-type=\"container\">\n\t\t\t\t<\/div>\n\t\t<div class=\"elementor-element elementor-element-a98092f e-con-full e-flex e-con e-parent\" data-id=\"a98092f\" data-element_type=\"container\" data-e-type=\"container\">\n\t\t\t\t<div class=\"elementor-element elementor-element-6a1cae8 elementor-widget__width-initial elementor-widget elementor-widget-text-editor\" data-id=\"6a1cae8\" data-element_type=\"widget\" data-e-type=\"widget\" data-widget_type=\"text-editor.default\">\n\t\t\t\t<div class=\"elementor-widget-container\">\n\t\t\t\t\t\t\t\t\t<p><b style=\"font-size: 1rem;\">L\u00d8RDAG 25 APRIL ER SURFSCHOOL.NO P\u00c5 HELLEST\u00d8 STRANDEN !<\/b><\/p>\n<p><b>S\u00d8NDAG 26 APRIL ER SURFSCHOOL.NO P\u00c5 BORE STRANDEN !<\/b><\/p>\n<p><b>FREDAG 1 MAI ER SURFSCHOOL.NO P\u00c5 &#8230; Blir oppdatert senest torsdag 30 april&nbsp;<\/b><\/p>\n<p><b>L\u00d8RDAG 2 MAI ER SURFSCHOOL.NO P\u00c5 &#8230; Blir oppdatert senest fredag 1 mai&nbsp;<\/b><\/p>\n<p><b>S\u00d8NDAG 3 MAI ER SURFSCHOOL.NO P\u00c5 .. Blir oppdatert senest fredag 1 mai&nbsp;<\/b><\/p>\n<p><b>L\u00d8RDAG 9 MAI ER SURFSCHOOL.NO P\u00c5 .. Blir oppdatert senest fredag 8 mai&nbsp;<\/b><\/p>\n<p><b>S\u00d8NDAG 10 MAI ER SURFSCHOOL.NO P\u00c5 &#8230; Blir oppdatert senest fredag 8 mai&nbsp;<\/b><\/p>\n<p><b>TORSDAG 14 MAI ER SURFSCHOOL.NO P\u00c5 &#8230; Blir oppdatert senest onsdag 13 mai&nbsp;<\/b><\/p>\n<p><b>FREDAG 15 MAI ER SURFSCHOOL.NO P\u00c5 &#8230; Blir oppdatert senest torsdag 14 mai&nbsp;<\/b><\/p>\n<p><b>L\u00d8RDAG 16 MAI ER SURFSCHOOL.NO P\u00c5 &#8230; Blir oppdatert senest fredag 15 mai&nbsp;<\/b><\/p>\n<p><b>S\u00d8NDAG 17 MAI ER SURFSCHOOL.NO STENGT&nbsp;<\/b><\/p>\n<p><b>L\u00d8RDAG 23 MAI ER SURFSCHOOL.NO P\u00c5 &#8230; Blir oppdatert senest fredag 22 mai<\/b><\/p>\n<p><b>S\u00d8NDAG 24 MAI ER SURFSCHOOL.NO P\u00c5 &#8230; Blir oppdatert senest fredag 22 mai&nbsp;<\/b><\/p>\n<p><b>MANDAG 25 MAI ER SURFSCHOOL.NO P\u00c5 &#8230; Blir oppdatert senest s\u00f8ndag 24 mai<\/b><\/p>\n<p><b>L\u00d8RDAG 30 MAI ER SURFSCHOOL.NO P\u00c5 &#8230; Blir oppdatert senest fredag 29 mai<\/b><\/p>\n<p><b>S\u00d8NDAG 31 MAI ER SURFSCHOOL.NO P\u00c5 &#8230; Blir oppdatert senest fredag 29 mai<\/b><\/p>\n<p><b style=\"font-size: 1rem;\">SURFSCHOOL.NO ER \u00c5PEN FOR UTLEIE\/KURS HVER DAG ETTER AVTALE, RING ELLER SEND SMS TIL 91126489&nbsp;<\/b><\/p>\n<p><b style=\"font-size: 1rem;\">Vi anbefaler \u00e5 ha med vind jakke el., til \u00e5 ha utp\u00e5 v\u00e5tdrakt p\u00e5 land, dette for \u00e5 forhindre vind kj\u00f8ling.<\/b><\/p>\n<p><b>&nbsp;<\/b><\/p>\n<p><b>&nbsp;<\/b><\/p>\t\t\t\t\t\t\t\t<\/div>\n\t\t\t\t<\/div>\n\t\t\t\t<\/div>\n\t\t<div class=\"elementor-element elementor-element-da45852 e-flex e-con-boxed e-con e-parent\" data-id=\"da45852\" data-element_type=\"container\" data-e-type=\"container\">\n\t\t\t\t\t<div class=\"e-con-inner\">\n\t\t\t\t\t<\/div>\n\t\t\t\t<\/div>\n\t\t\t\t<\/div>","protected":false},"excerpt":{"rendered":"<p>L\u00d8RDAG 25 APRIL ER SURFSCHOOL.NO P\u00c5 HELLEST\u00d8 STRANDEN ! S\u00d8NDAG 26 APRIL ER SURFSCHOOL.NO P\u00c5 BORE STRANDEN ! FREDAG 1 MAI ER SURFSCHOOL.NO P\u00c5 &#8230; Blir oppdatert senest torsdag 30 april&nbsp; L\u00d8RDAG 2 MAI ER SURFSCHOOL.NO P\u00c5 &#8230; Blir oppdatert senest fredag 1 mai&nbsp; S\u00d8NDAG 3 MAI ER SURFSCHOOL.NO P\u00c5 .. Blir oppdatert senest fredag [&hellip;]<\/p>\n","protected":false},"author":7,"featured_media":0,"parent":0,"menu_order":0,"comment_status":"closed","ping_status":"closed","template":"","meta":{"_monsterinsights_skip_tracking":false,"_monsterinsights_sitenote_active":false,"_monsterinsights_sitenote_note":"","_monsterinsights_sitenote_category":0,"footnotes":""},"class_list":["post-26499","page","type-page","status-publish","hentry"],"aioseo_notices":[],"_links":{"self":[{"href":"https:\/\/surfschool.no\/en\/wp-json\/wp\/v2\/pages\/26499","targetHints":{"allow":["GET"]}}],"collection":[{"href":"https:\/\/surfschool.no\/en\/wp-json\/wp\/v2\/pages"}],"about":[{"href":"https:\/\/surfschool.no\/en\/wp-json\/wp\/v2\/types\/page"}],"author":[{"embeddable":true,"href":"https:\/\/surfschool.no\/en\/wp-json\/wp\/v2\/users\/7"}],"replies":[{"embeddable":true,"href":"https:\/\/surfschool.no\/en\/wp-json\/wp\/v2\/comments?post=26499"}],"version-history":[{"count":1008,"href":"https:\/\/surfschool.no\/en\/wp-json\/wp\/v2\/pages\/26499\/revisions"}],"predecessor-version":[{"id":30037,"href":"https:\/\/surfschool.no\/en\/wp-json\/wp\/v2\/pages\/26499\/revisions\/30037"}],"wp:attachment":[{"href":"https:\/\/surfschool.no\/en\/wp-json\/wp\/v2\/media?parent=26499"}],"curies":[{"name":"wp","href":"https:\/\/api.w.org\/{rel}","templated":true}]}}