{"id":25904,"date":"2022-02-07T07:31:45","date_gmt":"2022-02-07T07:31:45","guid":{"rendered":"https:\/\/surfschool.no\/?page_id=25904"},"modified":"2022-02-18T09:25:38","modified_gmt":"2022-02-18T09:25:38","slug":"leievilkar","status":"publish","type":"page","link":"https:\/\/surfschool.no\/en\/leievilkar\/","title":{"rendered":"Rental conditions in Norway"},"content":{"rendered":"<div data-elementor-type=\"wp-page\" data-elementor-id=\"25904\" class=\"elementor elementor-25904\" data-elementor-post-type=\"page\">\n\t\t\t\t\t\t<section class=\"elementor-section elementor-top-section elementor-element elementor-element-cd29602 elementor-section-boxed elementor-section-height-default elementor-section-height-default\" data-id=\"cd29602\" data-element_type=\"section\" data-e-type=\"section\">\n\t\t\t\t\t\t<div class=\"elementor-container elementor-column-gap-default\">\n\t\t\t\t\t<div class=\"elementor-column elementor-col-100 elementor-top-column elementor-element elementor-element-4247031\" data-id=\"4247031\" data-element_type=\"column\" data-e-type=\"column\">\n\t\t\t<div class=\"elementor-widget-wrap elementor-element-populated\">\n\t\t\t\t\t\t<div class=\"elementor-element elementor-element-c844788 elementor-widget elementor-widget-text-editor\" data-id=\"c844788\" data-element_type=\"widget\" data-e-type=\"widget\" data-widget_type=\"text-editor.default\">\n\t\t\t\t<div class=\"elementor-widget-container\">\n\t\t\t\t\t\t\t\t\t<ol><li><h2><strong> Leiekontrakt<\/strong><\/h2><\/li><\/ol><p>Leiekontrakten er mellom utleier og leietaker. Ved \u00e5 signere kontrakten aksepterer leietaker ogs\u00e5 disse leievilk\u00e5r og Surfschool generelle leiebetingelser (www.surfschool.no). Leiekontrakten er underlagt norsk rett.<\/p><ol start=\"2\"><li><h2><strong> Leieperiode<\/strong><\/h2><\/li><\/ol><p>Leieforholdet gjelder det kj\u00f8ret\u00f8y som er spesifisert i leiekontrakten i den tidsperiode som er angitt og frem til kj\u00f8ret\u00f8yet er returnert. Kj\u00f8ret\u00f8yet skal returneres senest p\u00e5 avtalte tidspunkt og sted. Retur anses \u00e5 ha skjedd n\u00e5r b\u00e5de kj\u00f8ret\u00f8y og n\u00f8kler er overlevert utleier innenfor utleiestasjonens ordin\u00e6re \u00e5pningstid. Returneres kj\u00f8ret\u00f8yet og n\u00f8kler til utleier utenfor utleiestasjonens ordin\u00e6re \u00e5pningstid og virkedag, anses retur \u00e5 ha funnet sted n\u00e5r utleiestasjonen \u00e5pner den f\u00f8rste p\u00e5f\u00f8lgende virkedag, med mindre annet er skriftlig avtalt mellom utleier og leietaker. Se ogs\u00e5 punkt 3.3 vedr\u00f8rende leietakers plikter ved retur av kj\u00f8ret\u00f8yet.<\/p><p>Dersom det foreligger saklig grunn kan utleier forlange kj\u00f8ret\u00f8yet returnert p\u00e5 et tidligere tidspunkt enn det avtalte. Leietaker kan kreve grunnen oppgitt uten at dette har betydning for plikten til \u00e5 returnere kj\u00f8ret\u00f8yet. Leieforholdet kan forlenges, etter avtale med utleier. Ved endring av leieperiode og ved overskridelse av avtalt kj\u00f8relengde, er leietaker ansvarlig for enhver \u00f8kning i prisen. Ved tidligere retur enn avtalt vil totalprisen kunne endre seg. Ved forh\u00e5ndsbetalt leier gis det ingen refusjon av ubrukte leied\u00f8gn.<\/p><p>Kj\u00f8ret\u00f8yet skal returneres i samme stand og med alt tilbeh\u00f8r og utstyr som kj\u00f8ret\u00f8yet var utstyrt med ved leieforholdets start. Leietaker b\u00e6rer i leieperioden og frem til kj\u00f8ret\u00f8yet er returnert alt ansvar for kj\u00f8ret\u00f8yet og bruken av det.<\/p><p>Ved overskridelse av denne leiekontrakt eller annet vesentlig brudd p\u00e5 leievilk\u00e5rene av leietaker, vil enhver rabatt, forsikring eller s\u00e6ravtale kunne kanselleres av utleier.<\/p><p>Utleier har rett til \u00e5 hente kj\u00f8ret\u00f8yet etter utl\u00f8pet av den avtale leieperioden, jf. tvangsfullbyrdelsesloven \u00a7 13-1. Kostandene knyttet til dette dekkes av leietaker.<\/p><h4><strong>2.1 Avbestilling<\/strong><\/h4><p>Avbestilling 30 dager eller mer refunderes 90 % av leie sum. Avbestilling 29 dager eller mindre refunderes 50 % av leie sum.<\/p><p>Avbestilling 14 dager eller mindre, refunderes ikke leie summen.<\/p><p>\u00a0<\/p><ol start=\"3\"><li><h2><strong> Leietakers plikter<\/strong><\/h2><\/li><\/ol><h4><strong>3.1 Leietaker plikter ved utlevering av kj\u00f8ret\u00f8yet \u00e5:<\/strong><\/h4><ul><li>Unders\u00f8ke kj\u00f8ret\u00f8yet straks det er stillet til leietakers r\u00e5dighet og f\u00f8r det tas i bruk, herunder kontrollere at alle skader er notert i leiekontrakten eller vedlegg til denne.<\/li><li>F\u00f8r bruk av kj\u00f8ret\u00f8yet gi beskjed til en Surfschool representant ved eventuelle avvik og\/eller skader som ikke er notert av Surfschool i leiekontrakten eller vedlegg.<\/li><li>Dersom det ikke er en representant fra utleier til stede for \u00e5 kontrollere kj\u00f8ret\u00f8yet ved utlevering, anbefaler vi egendokumentasjon av kj\u00f8ret\u00f8yets tilstand ved \u00e5 ta tilfredsstillende foto av bilen utvendig (begge sider + front og bak) og innvendig, (interi\u00f8r, dashbord, forseter og bakseter), slik at disse kan fremlegges for utleier p\u00e5 foresp\u00f8rsel.<\/li><li>Gj\u00f8re seg kjent med kravene til normal slitasje og hva som kan belastes som skade etter reglene i Surfschool generelle leiebetingelser.<\/li><li>Gj\u00f8re seg kjent med det leide kj\u00f8ret\u00f8y og norske trafikkregler. Alle leietakere har en s\u00e6rlig plikt til \u00e5 sette seg inn i relevante f\u00f8rekortbestemmelser og reglene med hensyn til alkohol-\/medisinbruk ved ferdsel i trafikken.<\/li><li>Sikre at alle ekstra sj\u00e5f\u00f8rer er tilf\u00f8yd leiekontrakten og overholder de vilk\u00e5r og betingelser som gjelder for leieforholdet, herunder<\/li><li>Sikre at alle sj\u00e5f\u00f8rer er over 18 \u00e5r, og har hatt gyldig f\u00f8rerkort i minimum ett \u00e5r.<\/li><li>Fremvise eget gyldig fysisk f\u00f8rerkort som dokumenterer f\u00f8rerrett for bestilte kj\u00f8ret\u00f8y.<\/li><\/ul><h4><strong>3.2 Leietaker plikter i leieperioden \u00e5 behandle og bruke kj\u00f8ret\u00f8yet p\u00e5 en forsvarlig m\u00e5te, og ikke:<\/strong><\/h4><ul><li>Benytte kj\u00f8ret\u00f8yet i ulovlig \u00f8yemed eller p\u00e5 ulovlig m\u00e5te, herunder, men ikke begrenset til, f\u00f8lgende eksempler p\u00e5 ulovlig benyttelse:<ul><li>Kj\u00f8re i alkohol &#8211; og\/eller narkotikap\u00e5virket og\/eller svekket tilstand.<\/li><li>Frakte flere passasjerer og\/eller tyngre last enn kj\u00f8ret\u00f8yet er registrert for.<\/li><li>Forstyrre, fjerne eller endre kj\u00f8ret\u00f8yets utstyr, tilbeh\u00f8r eller spesifikasjoner, herunder, men ikke begrenset til, kilometerteller, bombrikke, ladekabel, medieinstallasjoner, mv.<\/li><\/ul><\/li><li>Overlate kj\u00f8ret\u00f8yet til andre eller la det kj\u00f8res av annen sj\u00e5f\u00f8r enn godkjent av utleier.<\/li><li>Benytte kj\u00f8ret\u00f8yet til konkurranse, fartspr\u00f8ve eller annen form for testkj\u00f8ring.<\/li><li>Benytte kj\u00f8ret\u00f8yet til \u00f8velses kj\u00f8ring.<\/li><li>Ta kj\u00f8ret\u00f8yet ut av landet, med mindre skriftlig samtykke fra utleier er innhentet.<\/li><li>Frakte passasjerer mot betaling.<\/li><li>Parkere ved hustak der det er oppsatt anvisere for takras eller hvor det er \u00e5penbart er fare for takras.<\/li><li>Bruke sn\u00f8kjettinger eller annet utstyr p\u00e5 en slik m\u00e5te at de skader kj\u00f8ret\u00f8yets karosseri eller understell.<\/li><li>Kj\u00f8re p\u00e5 omr\u00e5der uegnet for kj\u00f8ret\u00f8yets h\u00f8yde, bredde eller lengde.<\/li><li>Kj\u00f8re utenfor offentlig vei eller i omr\u00e5de stengt for alminnelig ferdsel.<\/li><li>Slepe, skyve eller flytte annet kj\u00f8ret\u00f8y.<\/li><li>Forlate kj\u00f8ret\u00f8yet ul\u00e5st eller p\u00e5 en slik m\u00e5te at det kan benyttes av andre.<\/li><li>Fylle feil drivstoff.<\/li><li>Utsette interi\u00f8ret for varme, skarpe gjenstander, v\u00e6sker eller annet som kan gj\u00f8re skade eller sette flekker.<\/li><li>Kj\u00f8re med for lite luft i dekkene, slik at dekk eller felg skades.<\/li><li>Feil bruk av startkabler mot bilen.<\/li><\/ul><p><strong>Leietaker plikter i leieperioden \u00e5 behandle og bruke kj\u00f8ret\u00f8yet p\u00e5 en forsvarlig m\u00e5te, herunder:<\/strong><\/p><ul><li>\u00c5 s\u00f8rge for at kj\u00f8ret\u00f8yet blir vedlikeholdt med hensyn til sm\u00f8reoljer, kj\u00f8levann, lufttrykk i dekk ol. Ved tvil om vedlikehold skal utleier kontaktes.<\/li><li>Sikre, feste og\/eller emballere last slik at personer, kj\u00f8ret\u00f8y eller omgivelser ikke p\u00e5f\u00f8res skade eller fare for skade.<\/li><li>Melde eventuelle kollisjonsskader, tyveri, brann og h\u00e6rverksskade til utleier umiddelbart. Personskade, skade p\u00e5 dyr samt tyveri, brann og h\u00e6rverksskader p\u00e5 kj\u00f8ret\u00f8yet skal leietaker umiddelbart ogs\u00e5 melde til politiet.<\/li><\/ul><h4><strong>3.3 Leietaker plikter ved retur av kj\u00f8ret\u00f8yet \u00e5:<\/strong><\/h4><ul><li>Gi beskjed til en representant for utleier om enhver skade p\u00e5 kj\u00f8ret\u00f8yet som har oppst\u00e5tt i leieperioden.<\/li><li>Sette av tid til \u00e5 unders\u00f8ke kj\u00f8ret\u00f8yet ved retur. Dersom det ikke er en representant fra utleier til stede for \u00e5 kontrollere kj\u00f8ret\u00f8yet ved retur, anbefaler vi egendokumentasjon av kj\u00f8ret\u00f8yets tilstand ved \u00e5 ta tilfredsstillende foto av bilen utvendig (begge sider + front og bak) og innvendig, (interi\u00f8r, dashbord, forseter og bakseter), slik at disse kan fremlegges for utleier p\u00e5 foresp\u00f8rsel.<\/li><li>Leietaker b\u00e6rer det fulle ansvar for kj\u00f8ret\u00f8yet frem til kj\u00f8ret\u00f8yet er returnert i henhold til punkt 2.<\/li><\/ul><p>Endelig skadesjekk av utleier er f\u00f8rst \u00e5 anses som utf\u00f8rt etter at kj\u00f8ret\u00f8yet er vasket, senest 48 timer (2 d\u00f8gn) etter at kj\u00f8ret\u00f8yet er returnert. Fristen l\u00f8per innenfor uteleiestasjonens ordin\u00e6re \u00e5pningstid.<\/p><p>Ved retur av kj\u00f8ret\u00f8yet utenfor utleiers egen utleiestasjon, f.eks. ved retur hos verksted, hos en bedrift eller p\u00e5 annen adresse, l\u00f8per ovennevnte frist p\u00e5 48 timer (2 d\u00f8gn) f\u00f8rst fra det tidspunkt kj\u00f8ret\u00f8yet ankommer utleiers egen utleiestasjon innenfor utleiestasjonens ordin\u00e6re \u00e5pningstider.<\/p><ol start=\"4\"><li><h2><strong> Leietakers betalingsansvar<\/strong><\/h2><\/li><\/ol><p>Leietaker plikter \u00e5 betale f\u00f8lgende:<\/p><ul><li>Leieforholdets totalbel\u00f8p slik det er avtalt i leiekontrakten. Avvik fra opprinnelig leiekontrakt vil medf\u00f8re endringer i totalbel\u00f8pet.<\/li><li>Ikke etterfylt drivstoff\/oppladet batteri med et p\u00e5slag p\u00e5 20 % i forhold til veiledende pris, eventuelt et h\u00f8yere tillegg og\/eller gebyr dersom dette er avtalt.<\/li><li>Eventuelle kostnader i forbindelse med tilbake transport av kj\u00f8ret\u00f8yet ved retur p\u00e5 annet sted enn avtalt.<\/li><li>Enhver kostnad knyttet til bompenger, veiprising, parkering eller lignende, i tillegg til merverdiavgift og den margin utleier eventuelt beregner. Leietaker er ansvarlig for selv \u00e5 betale parkeringsavgiften direkte til parkeringsoperat\u00f8r.<\/li><li>Parkeringsb\u00f8ter, automatisk trafikkontroll, ubetalte parkeringsavgifter eller andre gebyrer, avgifter, forelegg eller p\u00e5legg som skyldes leietaker, og utleiers tilh\u00f8rende administrasjonsgebyrer.<\/li><li>Enhver skade som oppst\u00e5r p\u00e5 kj\u00f8ret\u00f8yet i leieperioden, herunder ogs\u00e5 h\u00e6rverk, tyveri og inntauing, dog begrenset oppad til eventuelt avtalt egenandel. Det beregnes \u00e9n egenandel per skadetilfelle.<\/li><li>Manglende eller skadet utstyr og tilbeh\u00f8r som ladekabel, hattehyller, reservehjul, barnesete, mm.<\/li><li>Foruten skader st\u00e5r leietaker ogs\u00e5 \u00f8konomisk ansvarlig for s\u00e6rskilt rengj\u00f8ring \u2013 innvendig og utvendig &#8211; av s\u00e6rlig\/spesielt tilsmusset kj\u00f8ret\u00f8y og tilbeh\u00f8r, f.eks. rengj\u00f8ring etter hund eller r\u00f8yking, rens av sete\/setetrekk, eller etter kj\u00f8ring p\u00e5 oljegrus, fersk asfalt\/veimerking, leire, gj\u00f8rme eller annet innvendig eller utvendig smuss som krever ekstraordin\u00e6rt arbeid.<\/li><li>Veihjelp\/Bilberging som ikke skyldes feil\/mangler som utleier er ansvarlig for.<\/li><li>Avsavn etter forsikringsselskapenes satser, det vil si det tap utleier lider som f\u00f8lge av at kj\u00f8ret\u00f8yet er ute av drift.<\/li><li>Ved brudd p\u00e5 leievilk\u00e5rene, vegtrafikkloven eller uaktsom opptreden ved skadetilfelle, vil leietaker kunne bli p\u00e5lagt \u00e5 betale en st\u00f8rre del av skaden enn den avtalte egenandel.<\/li><li>Ved forsett, grov uaktsomhet eller grove brudd p\u00e5 leievilk\u00e5r eller vegtrafikklov vil leietaker i leieperioden m\u00e5tte st\u00e5 fullt ut \u00f8konomisk ansvarlig for alle p\u00e5l\u00f8pte kostnader.<\/li><li>Utleiers utgifter til inndrivelse av krav mot leietaker, herunder alle gebyrer ved inndrivelse av slike krav.<\/li><li>Ved forsinket betaling p\u00e5l\u00f8per forsinkelsesrenter etter lov om renter ved forsinket betaling av 17. desember 1976, fra forfall og til betaling skjer.<\/li><li>\u00a0<\/li><\/ul><ol start=\"5\"><li><h2><strong> Utleiers plikter og ansvar<\/strong><\/h2><\/li><\/ol><p>Utleier plikter til avtalt tid og p\u00e5 avtalt sted \u00e5 stille kj\u00f8ret\u00f8yet til leietakers r\u00e5dighet. Kj\u00f8ret\u00f8yet skal v\u00e6re i god og forskriftsmessig stand og inneholde minst 2\/8 drivstoff p\u00e5 tanken eller oppladede batterier for elbiler p\u00e5 minimum 60%, med mindre annet er avtalt. Utleier plikter \u00e5 holde kj\u00f8ret\u00f8yet ansvarsforsikret i samsvar med bilansvarslovens regler.<\/p><p>Utleier plikter \u00e5 tilby alternativer hvis bestilt bilgruppe ikke skulle v\u00e6re tilgjengelig.<\/p><p>Dersom utleier vesentlig misligholder sine forpliktelser kan leietaker heve leiekontrakten. Utleier m\u00e5 imidlertid gis mulighet til \u00e5 avhjelpe misligholdet ved retting eller omlevering. Dersom retting eller omlevering ikke er aktuelt eller ikke blir foretatt innen rimelig tid etter at leietaker har klaget over mangelen, kan leietaker kreve forholdsmessig prisavslag.<\/p><p>Leietaker kan kreve erstatning for tap leietaker lider som f\u00f8lge av utleiers mislighold. Dette gjelder likevel ikke dersom utleier kan godtgj\u00f8re at misligholdet eller \u00e5rsaken til dette skyldes forhold utenfor utleiers kontroll som utleier ikke med rimelighet kunne forventes \u00e5 ha kjennskap til eller ta i betraktning p\u00e5 avtaletiden, eller kunne forventes \u00e5 unng\u00e5 eller overvinne f\u00f8lgende av. Erstatning for indirekte tap, s\u00e5 som arbeidsavbrudd, tap av l\u00f8nn, bonus e.l., driftsavbrudd, avsavn, tap av fortjeneste som f\u00f8lge av at en kontrakt med tredjepart faller bort eller ikke blir riktig oppfylt, eller tap som f\u00f8lge av skade p\u00e5 annet enn det leide kj\u00f8ret\u00f8y kan kun kreves dersom utleier har utvist forsett.Leietaker taper sin rett til \u00e5 p\u00e5berope mislighold, det v\u00e6re seg mangel eller forsinkelse, dersom leietaker ikke innen rimelig tid etter \u00e5 ha oppdaget eller burde ha oppdaget misligholdet, gir utleier melding om dette.Tekniske feil som m\u00e5tte oppst\u00e5, eller som leietaker blir kjent med i leieperioden og som kan utbedres innen en tid som st\u00e5r i rimelig forhold til leietakers behov, leieperioden og sted, gir ikke leietaker rett til \u00e5 avbryte leieforholdet. Om leietaker likevel velger \u00e5 avbryte leieforholdet, vil leietaker v\u00e6re ansvarlig for leien i leieperioden, men tiden som ville g\u00e5tt med til utbedring trekkes fra leieperioden. Leietakeren er videre ansvarlig for de utgifter utleieren blir p\u00e5f\u00f8rt i forbindelse med \u00e5 f\u00e5 kj\u00f8ret\u00f8yet tilbakef\u00f8rt til utleiers lokasjon. Dersom reparasjon ikke kan foretas innenfor den nevnte frist, avgj\u00f8r utleieren om alternativt kj\u00f8ret\u00f8y skal leveres til leietaker for fortsettelse av leieforholdet eller om leieforholdet skal anses som opph\u00f8rt fra den tid da utleieren fikk melding om forholdet fra leietaker. Utleier bes\u00f8rger i s\u00e5 fall at kj\u00f8ret\u00f8yet transporteres tilbake til utleiers lokasjon. Utleier er uten ansvar for leietakers eventuelle tap.<\/p><p>Utleier har intet ansvar for skade p\u00e5 eller tap av eiendom som av leietaker eller annen person er etterlatt, oppbevart eller befordret i kj\u00f8ret\u00f8yet.Utleier har intet ansvar for montering av tilleggsutstyr som f.eks. skistativ, barnesete, GPS mm. Leietaker har selv ansvar for at utstyret er korrekt og forskriftsmessig montert.Utleier fraskriver seg ethvert ansvar overfor leietaker med hensyn til tap av tid, penger eller annet som m\u00e5tte oppst\u00e5 av, eller ha forbindelse med leieforholdet, utover ansvar beskrevet ovenfor.<\/p><ol start=\"6\"><li><h2><strong> Sikkerhet og oppgj\u00f8r<\/strong><\/h2><\/li><\/ol><p>Utleier krever at leietaker stiller sikkerhet for kj\u00f8ret\u00f8yet og for det \u00f8konomiske ansvar som f\u00f8lger av leieforholdet. Utleier har alltid rett til \u00e5 kreve at leietaker benytter kredittkort eller debetkort ved bestilling og utlevering av kj\u00f8ret\u00f8yet. Leietaker m\u00e5 ha med seg det samme kortet som ble brukt for bestillingen ved henting av kj\u00f8ret\u00f8yet. Utleier vil forh\u00e5ndsreserve et bel\u00f8p p\u00e5 leietakers betalingskort. Bel\u00f8pet blir kun reservert, ikke trukket. Bel\u00f8pet som reserveres er beregnet fra avtalt leieperiode, samt estimerte variable kostnader knyttet til for eksempel bompasseringer, drivstoff, mv.<\/p><p>Leietaker aksepterer at utleier kan belaste leietakers kredittkort, debetkort eller depositum for alle bel\u00f8p leietaker er ansvarlig for etter leiekontrakten og enhver belastning skjer uten forh\u00e5ndsvarsel. Ved eventuell skade, belastes egenandel p\u00e5 oppgitt betalingsmiddel, og leietaker er selv ansvarlig for \u00e5 kreve refusjon fra eget forsikringsselskap i de tilfeller leietaker har tegnet forsikring via andre enn Surfschool.<\/p><ol start=\"7\"><li><h2><strong> Verneting<\/strong><\/h2><\/li><\/ol><p>Leietaker vedtar det av utleiers forretningssted hvor leiekontrakten er inng\u00e5tt som verneting ved eventuelle tvister som oppst\u00e5r i forbindelse med leieforholdet, tvisteloven \u00a7 4-5(2), jf. \u00a7 4-6.<\/p><ol start=\"8\"><li><h2><strong> Endringer\/tillegg til leiekontrakten<\/strong><\/h2><\/li><\/ol><p>Tillegg til og endringer i denne leiekontrakt er bindende kun dersom de foreligger i skriftlig overenskomst.<\/p>\t\t\t\t\t\t\t\t<\/div>\n\t\t\t\t<\/div>\n\t\t\t\t\t<\/div>\n\t\t<\/div>\n\t\t\t\t\t<\/div>\n\t\t<\/section>\n\t\t\t\t<\/div>","protected":false},"excerpt":{"rendered":"<p>Leiekontrakt Leiekontrakten er mellom utleier og leietaker. Ved \u00e5 signere kontrakten aksepterer leietaker ogs\u00e5 disse leievilk\u00e5r og Surfschool generelle leiebetingelser (www.surfschool.no). Leiekontrakten er underlagt norsk rett. Leieperiode Leieforholdet gjelder det kj\u00f8ret\u00f8y som er spesifisert i leiekontrakten i den tidsperiode som er angitt og frem til kj\u00f8ret\u00f8yet er returnert. Kj\u00f8ret\u00f8yet skal returneres senest p\u00e5 avtalte tidspunkt [&hellip;]<\/p>\n","protected":false},"author":8,"featured_media":0,"parent":0,"menu_order":0,"comment_status":"closed","ping_status":"closed","template":"","meta":{"_monsterinsights_skip_tracking":false,"_monsterinsights_sitenote_active":false,"_monsterinsights_sitenote_note":"","_monsterinsights_sitenote_category":0,"footnotes":""},"class_list":["post-25904","page","type-page","status-publish","hentry"],"aioseo_notices":[],"_links":{"self":[{"href":"https:\/\/surfschool.no\/en\/wp-json\/wp\/v2\/pages\/25904","targetHints":{"allow":["GET"]}}],"collection":[{"href":"https:\/\/surfschool.no\/en\/wp-json\/wp\/v2\/pages"}],"about":[{"href":"https:\/\/surfschool.no\/en\/wp-json\/wp\/v2\/types\/page"}],"author":[{"embeddable":true,"href":"https:\/\/surfschool.no\/en\/wp-json\/wp\/v2\/users\/8"}],"replies":[{"embeddable":true,"href":"https:\/\/surfschool.no\/en\/wp-json\/wp\/v2\/comments?post=25904"}],"version-history":[{"count":0,"href":"https:\/\/surfschool.no\/en\/wp-json\/wp\/v2\/pages\/25904\/revisions"}],"wp:attachment":[{"href":"https:\/\/surfschool.no\/en\/wp-json\/wp\/v2\/media?parent=25904"}],"curies":[{"name":"wp","href":"https:\/\/api.w.org\/{rel}","templated":true}]}}