{"id":25869,"date":"2022-02-07T07:17:47","date_gmt":"2022-02-07T07:17:47","guid":{"rendered":"https:\/\/surfschool.no\/?page_id=25869"},"modified":"2024-01-28T11:06:17","modified_gmt":"2024-01-28T11:06:17","slug":"bilutleie","status":"publish","type":"page","link":"https:\/\/surfschool.no\/en\/bilutleie\/","title":{"rendered":"Surf-camper car"},"content":{"rendered":"<div data-elementor-type=\"wp-page\" data-elementor-id=\"25869\" class=\"elementor elementor-25869\" data-elementor-post-type=\"page\">\n\t\t\t\t\t\t<section class=\"elementor-section elementor-top-section elementor-element elementor-element-de56887 elementor-section-boxed elementor-section-height-default elementor-section-height-default\" data-id=\"de56887\" data-element_type=\"section\" data-e-type=\"section\">\n\t\t\t\t\t\t<div class=\"elementor-container elementor-column-gap-default\">\n\t\t\t\t\t<div class=\"elementor-column elementor-col-100 elementor-top-column elementor-element elementor-element-06a8dc5\" data-id=\"06a8dc5\" data-element_type=\"column\" data-e-type=\"column\">\n\t\t\t<div class=\"elementor-widget-wrap elementor-element-populated\">\n\t\t\t\t\t\t<div class=\"elementor-element elementor-element-8f8edca elementor-widget elementor-widget-heading\" data-id=\"8f8edca\" data-element_type=\"widget\" data-e-type=\"widget\" data-settings=\"{&quot;_animation&quot;:&quot;none&quot;,&quot;_animation_delay&quot;:100}\" data-widget_type=\"heading.default\">\n\t\t\t\t<div class=\"elementor-widget-container\">\n\t\t\t\t\t<h3 class=\"elementor-heading-title elementor-size-default\">Booking<\/h3>\t\t\t\t<\/div>\n\t\t\t\t<\/div>\n\t\t\t\t<div class=\"elementor-element elementor-element-5840080 black-button elementor-widget elementor-widget-html\" data-id=\"5840080\" data-element_type=\"widget\" data-e-type=\"widget\" data-widget_type=\"html.default\">\n\t\t\t\t<div class=\"elementor-widget-container\">\n\t\t\t\t\t<a class=\"zaui-embed-button button\" style=\"undefined\" href=\"https:\/\/surfschool.zaui.net\/booking\/web\/#\/default\/activity\/14?\">BOOK NOW <\/a>\t\t\t\t<\/div>\n\t\t\t\t<\/div>\n\t\t\t\t<div class=\"elementor-element elementor-element-a718403 elementor-widget elementor-widget-text-editor\" data-id=\"a718403\" data-element_type=\"widget\" data-e-type=\"widget\" data-settings=\"{&quot;_animation&quot;:&quot;none&quot;}\" data-widget_type=\"text-editor.default\">\n\t\t\t\t<div class=\"elementor-widget-container\">\n\t\t\t\t\t\t\t\t\t<p>For bookings or questions, call\/SMS +47 911 26 489 or<\/p>\t\t\t\t\t\t\t\t<\/div>\n\t\t\t\t<\/div>\n\t\t\t\t<div class=\"elementor-element elementor-element-15cc383 elementor-widget-divider--view-line elementor-widget elementor-widget-divider\" data-id=\"15cc383\" data-element_type=\"widget\" data-e-type=\"widget\" data-settings=\"{&quot;_animation&quot;:&quot;none&quot;}\" data-widget_type=\"divider.default\">\n\t\t\t\t<div class=\"elementor-widget-container\">\n\t\t\t\t\t\t\t<div class=\"elementor-divider\">\n\t\t\t<span class=\"elementor-divider-separator\">\n\t\t\t\t\t\t<\/span>\n\t\t<\/div>\n\t\t\t\t\t\t<\/div>\n\t\t\t\t<\/div>\n\t\t\t\t\t<\/div>\n\t\t<\/div>\n\t\t\t\t\t<\/div>\n\t\t<\/section>\n\t\t\t\t<section class=\"elementor-section elementor-top-section elementor-element elementor-element-7060ab4 elementor-section-boxed elementor-section-height-default elementor-section-height-default\" data-id=\"7060ab4\" data-element_type=\"section\" data-e-type=\"section\">\n\t\t\t\t\t\t<div class=\"elementor-container elementor-column-gap-default\">\n\t\t\t\t\t<div class=\"elementor-column elementor-col-100 elementor-top-column elementor-element elementor-element-1d0d27e\" data-id=\"1d0d27e\" data-element_type=\"column\" data-e-type=\"column\">\n\t\t\t<div class=\"elementor-widget-wrap elementor-element-populated\">\n\t\t\t\t\t\t<div class=\"elementor-element elementor-element-16cad0f elementor-widget elementor-widget-html\" data-id=\"16cad0f\" data-element_type=\"widget\" data-e-type=\"widget\" data-widget_type=\"html.default\">\n\t\t\t\t<div class=\"elementor-widget-container\">\n\t\t\t\t\t<script src=\"https:\/\/surfschool.zaui.net\/themes\/default\/js\/zaui-embed-api-v1.js\"><\/script>\n<!-- Zaui Embedded Booking API -->\n\n\t\t\t\t<\/div>\n\t\t\t\t<\/div>\n\t\t\t\t\t<\/div>\n\t\t<\/div>\n\t\t\t\t\t<\/div>\n\t\t<\/section>\n\t\t<div class=\"elementor-element elementor-element-db6cb3d e-flex e-con-boxed e-con e-parent\" data-id=\"db6cb3d\" data-element_type=\"container\" data-e-type=\"container\">\n\t\t\t\t\t<div class=\"e-con-inner\">\n\t\t\t\t<div class=\"elementor-element elementor-element-f83ef29 elementor-widget elementor-widget-image\" data-id=\"f83ef29\" data-element_type=\"widget\" data-e-type=\"widget\" data-widget_type=\"image.default\">\n\t\t\t\t<div class=\"elementor-widget-container\">\n\t\t\t\t\t\t\t\t\t\t\t\t\t\t\t<img decoding=\"async\" src=\"https:\/\/surfschool.no\/wp-content\/plugins\/elementor\/assets\/images\/placeholder.png\" title=\"\" alt=\"\" loading=\"lazy\" \/>\t\t\t\t\t\t\t\t\t\t\t\t\t\t\t<\/div>\n\t\t\t\t<\/div>\n\t\t\t\t\t<\/div>\n\t\t\t\t<\/div>\n\t\t\t\t<\/div>","protected":false},"excerpt":{"rendered":"<p>Booking BOOK N\u00c5 For booking eller sp\u00f8rsm\u00e5l ring p\u00e5 +47 911 26 489<\/p>","protected":false},"author":8,"featured_media":25986,"parent":0,"menu_order":0,"comment_status":"closed","ping_status":"closed","template":"","meta":{"_monsterinsights_skip_tracking":false,"_monsterinsights_sitenote_active":false,"_monsterinsights_sitenote_note":"","_monsterinsights_sitenote_category":0,"footnotes":""},"class_list":["post-25869","page","type-page","status-publish","has-post-thumbnail","hentry"],"aioseo_notices":[],"_links":{"self":[{"href":"https:\/\/surfschool.no\/en\/wp-json\/wp\/v2\/pages\/25869","targetHints":{"allow":["GET"]}}],"collection":[{"href":"https:\/\/surfschool.no\/en\/wp-json\/wp\/v2\/pages"}],"about":[{"href":"https:\/\/surfschool.no\/en\/wp-json\/wp\/v2\/types\/page"}],"author":[{"embeddable":true,"href":"https:\/\/surfschool.no\/en\/wp-json\/wp\/v2\/users\/8"}],"replies":[{"embeddable":true,"href":"https:\/\/surfschool.no\/en\/wp-json\/wp\/v2\/comments?post=25869"}],"version-history":[{"count":0,"href":"https:\/\/surfschool.no\/en\/wp-json\/wp\/v2\/pages\/25869\/revisions"}],"wp:featuredmedia":[{"embeddable":true,"href":"https:\/\/surfschool.no\/en\/wp-json\/wp\/v2\/media\/25986"}],"wp:attachment":[{"href":"https:\/\/surfschool.no\/en\/wp-json\/wp\/v2\/media?parent=25869"}],"curies":[{"name":"wp","href":"https:\/\/api.w.org\/{rel}","templated":true}]}}