{"id":25701,"date":"2021-08-13T11:35:05","date_gmt":"2021-08-13T11:35:05","guid":{"rendered":"https:\/\/surfschool.no\/?page_id=25701"},"modified":"2025-06-13T21:42:57","modified_gmt":"2025-06-13T21:42:57","slug":"surf-camp","status":"publish","type":"page","link":"https:\/\/surfschool.no\/en\/surf-camp\/","title":{"rendered":"Surf Camp"},"content":{"rendered":"<div data-elementor-type=\"wp-page\" data-elementor-id=\"25701\" class=\"elementor elementor-25701\" data-elementor-post-type=\"page\">\n\t\t\t\t\t\t<section class=\"elementor-section elementor-top-section elementor-element elementor-element-11b8505 elementor-section-boxed elementor-section-height-default elementor-section-height-default\" data-id=\"11b8505\" data-element_type=\"section\" data-e-type=\"section\" data-settings=\"{&quot;background_background&quot;:&quot;classic&quot;}\">\n\t\t\t\t\t\t<div class=\"elementor-container elementor-column-gap-default\">\n\t\t\t\t\t<div class=\"elementor-column elementor-col-50 elementor-top-column elementor-element elementor-element-f38573c\" data-id=\"f38573c\" data-element_type=\"column\" data-e-type=\"column\">\n\t\t\t<div class=\"elementor-widget-wrap elementor-element-populated\">\n\t\t\t\t\t\t<div class=\"elementor-element elementor-element-864dfaf elementor-widget elementor-widget-heading\" data-id=\"864dfaf\" data-element_type=\"widget\" data-e-type=\"widget\" data-widget_type=\"heading.default\">\n\t\t\t\t<div class=\"elementor-widget-container\">\n\t\t\t\t\t<h2 class=\"elementor-heading-title elementor-size-default\">SURF CAMP<\/h2>\t\t\t\t<\/div>\n\t\t\t\t<\/div>\n\t\t\t\t<div class=\"elementor-element elementor-element-1c52ab1 elementor-widget elementor-widget-text-editor\" data-id=\"1c52ab1\" data-element_type=\"widget\" data-e-type=\"widget\" data-widget_type=\"text-editor.default\">\n\t\t\t\t<div class=\"elementor-widget-container\">\n\t\t\t\t\t\t\t\t\t<p>Trenger du overnatting ? eller kanskje dere er en gjeng som \u00f8nsker \u00e5 f\u00e5 til en unik opplevelse med surfing og overnatting, ja f\u00e5 til en egen surf camp med s\u00e6rpreg ?<\/p>\n<p><a href=\"https:\/\/www.jarenfri.no\/overnatting\/olberg-camping\">\u00d8lberg Camping<\/a>&nbsp;ligger fantastisk til, like bak sanddynene til \u00d8lberg stranden, her finner du ogs\u00e5 \u00d8lbergs lille fiske havn, hvor krabbe fiskeb\u00e5ter kommer inn med ny kokte ferske krabber , som du kan kj\u00f8pe rett fra b\u00e5ten, s\u00e5 har du \u00d8lberg kiosken , som selger soft is med jordb\u00e6r, p\u00f8lser og burgere m.m. og for \u00e5 ikke glemme \u00d8lberg huset , ett flott kurs og konferanse senter , med sine store vindus flater, som speiler seg i speilbildet fra havet ved \u00d8lberg stranden ! Men best av alt \u00d8lberg ligger kun en 5 minutters kj\u00f8retur fra Hellest\u00f8 stranden , som er en av Norges fineste og beste surfe strand !<\/p>\n<p>\u00d8lberg camping er bare ett eksempel p\u00e5 v\u00e5re anbefalinger til overnatting eller surf camp p\u00e5 J\u00e6ren ! Vi p\u00e5 surfschool.no kan J\u00e6ren og Rogalands regionen. Ta kontakt med oss for gode r\u00e5d og tips, for \u00e5 f\u00e5 din surfe tur til J\u00e6ren s\u00e5 perfekt som mulig , enten som enkelt person eller som en st\u00f8rre gruppe !<\/p>\t\t\t\t\t\t\t\t<\/div>\n\t\t\t\t<\/div>\n\t\t\t\t\t<\/div>\n\t\t<\/div>\n\t\t\t\t<div class=\"elementor-column elementor-col-50 elementor-top-column elementor-element elementor-element-c1f72c3\" data-id=\"c1f72c3\" data-element_type=\"column\" data-e-type=\"column\">\n\t\t\t<div class=\"elementor-widget-wrap elementor-element-populated\">\n\t\t\t\t\t\t<section class=\"elementor-section elementor-inner-section elementor-element elementor-element-c229ffa elementor-section-height-min-height elementor-section-boxed elementor-section-height-default\" data-id=\"c229ffa\" data-element_type=\"section\" data-e-type=\"section\" data-settings=\"{&quot;background_background&quot;:&quot;classic&quot;,&quot;animation&quot;:&quot;none&quot;}\">\n\t\t\t\t\t\t<div class=\"elementor-container elementor-column-gap-default\">\n\t\t\t\t\t<div class=\"elementor-column elementor-col-100 elementor-inner-column elementor-element elementor-element-0d03b3f\" data-id=\"0d03b3f\" data-element_type=\"column\" data-e-type=\"column\">\n\t\t\t<div class=\"elementor-widget-wrap\">\n\t\t\t\t\t\t\t<\/div>\n\t\t<\/div>\n\t\t\t\t\t<\/div>\n\t\t<\/section>\n\t\t\t\t\t<\/div>\n\t\t<\/div>\n\t\t\t\t\t<\/div>\n\t\t<\/section>\n\t\t\t\t<\/div>","protected":false},"excerpt":{"rendered":"<p>SURF CAMP Trenger du overnatting ? eller kanskje dere er en gjeng som \u00f8nsker \u00e5 f\u00e5 til en unik opplevelse med surfing og overnatting, ja f\u00e5 til en egen surf camp med s\u00e6rpreg ? \u00d8lberg Camping&nbsp;ligger fantastisk til, like bak sanddynene til \u00d8lberg stranden, her finner du ogs\u00e5 \u00d8lbergs lille fiske havn, hvor krabbe fiskeb\u00e5ter [&hellip;]<\/p>\n","protected":false},"author":8,"featured_media":25710,"parent":0,"menu_order":0,"comment_status":"closed","ping_status":"closed","template":"","meta":{"_monsterinsights_skip_tracking":false,"_monsterinsights_sitenote_active":false,"_monsterinsights_sitenote_note":"","_monsterinsights_sitenote_category":0,"footnotes":""},"class_list":["post-25701","page","type-page","status-publish","has-post-thumbnail","hentry"],"aioseo_notices":[],"_links":{"self":[{"href":"https:\/\/surfschool.no\/en\/wp-json\/wp\/v2\/pages\/25701","targetHints":{"allow":["GET"]}}],"collection":[{"href":"https:\/\/surfschool.no\/en\/wp-json\/wp\/v2\/pages"}],"about":[{"href":"https:\/\/surfschool.no\/en\/wp-json\/wp\/v2\/types\/page"}],"author":[{"embeddable":true,"href":"https:\/\/surfschool.no\/en\/wp-json\/wp\/v2\/users\/8"}],"replies":[{"embeddable":true,"href":"https:\/\/surfschool.no\/en\/wp-json\/wp\/v2\/comments?post=25701"}],"version-history":[{"count":28,"href":"https:\/\/surfschool.no\/en\/wp-json\/wp\/v2\/pages\/25701\/revisions"}],"predecessor-version":[{"id":29189,"href":"https:\/\/surfschool.no\/en\/wp-json\/wp\/v2\/pages\/25701\/revisions\/29189"}],"wp:featuredmedia":[{"embeddable":true,"href":"https:\/\/surfschool.no\/en\/wp-json\/wp\/v2\/media\/25710"}],"wp:attachment":[{"href":"https:\/\/surfschool.no\/en\/wp-json\/wp\/v2\/media?parent=25701"}],"curies":[{"name":"wp","href":"https:\/\/api.w.org\/{rel}","templated":true}]}}