{"id":1104,"date":"2021-03-17T11:06:46","date_gmt":"2021-03-17T11:06:46","guid":{"rendered":"https:\/\/surfschool.no\/?page_id=1104"},"modified":"2025-08-26T09:46:20","modified_gmt":"2025-08-26T09:46:20","slug":"surfekurs","status":"publish","type":"page","link":"https:\/\/surfschool.no\/en\/surfekurs\/","title":{"rendered":"Booking surf course"},"content":{"rendered":"<div data-elementor-type=\"wp-page\" data-elementor-id=\"1104\" class=\"elementor elementor-1104\" data-elementor-post-type=\"page\">\n\t\t\t\t\t\t<section class=\"elementor-section elementor-top-section elementor-element elementor-element-0d67bff elementor-section-boxed elementor-section-height-default elementor-section-height-default\" data-id=\"0d67bff\" data-element_type=\"section\" data-e-type=\"section\">\n\t\t\t\t\t\t<div class=\"elementor-container elementor-column-gap-default\">\n\t\t\t\t\t<div class=\"elementor-column elementor-col-100 elementor-top-column elementor-element elementor-element-414af04\" data-id=\"414af04\" data-element_type=\"column\" data-e-type=\"column\">\n\t\t\t<div class=\"elementor-widget-wrap elementor-element-populated\">\n\t\t\t\t\t\t<div class=\"elementor-element elementor-element-7121013 elementor-widget__width-initial elementor-widget elementor-widget-text-editor\" data-id=\"7121013\" data-element_type=\"widget\" data-e-type=\"widget\" data-settings=\"{&quot;_animation&quot;:&quot;none&quot;}\" data-widget_type=\"text-editor.default\">\n\t\t\t\t<div class=\"elementor-widget-container\">\n\t\t\t\t\t\t\t\t\t<p>Velkommen til \u00e5 booke surfe kurs hos oss, priser fra kun kr 250,-pr deltaker, inkludert instrukt\u00f8r og utstyr ! ( Prisen betinger minimum 12 deltagere, eller minimum kr 3000,- \u00e5 betale, dersom mindre en 12 deltakere, eks. dersom dere er kun 6 deltakere blir total prisen pr deltaker kr 500,- )<\/p>\n<p>&nbsp;Dette surfe kurset er for deg som aldri har surfet f\u00f8r, der v\u00e5re dyktige instrukt\u00f8rer tar deg gjennom helt&nbsp; basis surfe kunnskap, som viktig sikkerhet, hvordan fange og surfe en hvit skums b\u00f8lge og hvordan reise seg \u00e5 surfe st\u00e5ende p\u00e5 surfe brettet. For deg som har surfet f\u00f8r, legger vi til rette for at du skal f\u00e5 enda mer erfaring og glede av surfing, v\u00e5re instrukt\u00f8rer tilpasser instruksjonen etter ditt behov.<\/p>\n<p>Etter over 25 \u00e5rs erfaring og langt over 100.000 deltakere p\u00e5 v\u00e5res surfe kurs, vet vi akkurat hva du trenger, for \u00e5 f\u00e5 en god dag p\u00e5 surfing, det v\u00e6re seg alt fra valg av surfe strand, sandbanker i sj\u00f8en og instruksjon.<\/p>\n<p><span style=\"font-size: 1rem;\">Book surfe kurs hos oss og bestem selv dag og tid, uavhengig av v\u00e5res \u00e5pningstider ! Priser<\/span><span style=\"font-size: 1rem;\">&nbsp;fra kun kr 250,- inkludert alt utstyr , instruksjon og surfing s\u00e5 lenge du orker !<\/span><\/p>\n<p><span style=\"font-size: 1rem;\">Betaling for booket surfe kurs gj\u00f8res ved oppm\u00f8te p\u00e5 selve kurs dagen.<\/span><\/p>\n<p><span style=\"font-size: 1rem;\">For \u00e5 booke surfe kurs, kontakt oss p\u00e5&nbsp;<\/span><a style=\"font-size: 1rem; background-color: #ffffff;\" href=\"mailto:surfschool.no@gmail.com\">surfschool.no@gmail.com<\/a><span style=\"font-size: 1rem;\">&nbsp;eller mobil 911 26 489&nbsp;<\/span><\/p>\t\t\t\t\t\t\t\t<\/div>\n\t\t\t\t<\/div>\n\t\t\t\t\t<\/div>\n\t\t<\/div>\n\t\t\t\t\t<\/div>\n\t\t<\/section>\n\t\t\t\t<section class=\"elementor-section elementor-top-section elementor-element elementor-element-35fd6d1 elementor-section-boxed elementor-section-height-default elementor-section-height-default\" data-id=\"35fd6d1\" data-element_type=\"section\" data-e-type=\"section\">\n\t\t\t\t\t\t<div class=\"elementor-container elementor-column-gap-default\">\n\t\t\t\t\t<div class=\"elementor-column elementor-col-100 elementor-top-column elementor-element elementor-element-bd51f88\" data-id=\"bd51f88\" data-element_type=\"column\" data-e-type=\"column\">\n\t\t\t<div class=\"elementor-widget-wrap elementor-element-populated\">\n\t\t\t\t\t\t<div class=\"elementor-element elementor-element-3b320d6 elementor-widget-divider--view-line elementor-widget elementor-widget-divider\" data-id=\"3b320d6\" data-element_type=\"widget\" data-e-type=\"widget\" data-settings=\"{&quot;_animation&quot;:&quot;none&quot;}\" data-widget_type=\"divider.default\">\n\t\t\t\t<div class=\"elementor-widget-container\">\n\t\t\t\t\t\t\t<div class=\"elementor-divider\">\n\t\t\t<span class=\"elementor-divider-separator\">\n\t\t\t\t\t\t<\/span>\n\t\t<\/div>\n\t\t\t\t\t\t<\/div>\n\t\t\t\t<\/div>\n\t\t\t\t\t<\/div>\n\t\t<\/div>\n\t\t\t\t\t<\/div>\n\t\t<\/section>\n\t\t<div class=\"elementor-element elementor-element-666e6d6 e-flex e-con-boxed e-con e-parent\" data-id=\"666e6d6\" data-element_type=\"container\" data-e-type=\"container\">\n\t\t\t\t\t<div class=\"e-con-inner\">\n\t\t\t\t<div class=\"elementor-element elementor-element-217a2e3 ekit-off-canvas-position-right elementor-widget elementor-widget-elementskit-header-offcanvas\" data-id=\"217a2e3\" data-element_type=\"widget\" data-e-type=\"widget\" data-widget_type=\"elementskit-header-offcanvas.default\">\n\t\t\t\t<div class=\"elementor-widget-container\">\n\t\t\t\t\t<div class=\"ekit-wid-con\" >        <div class=\"ekit-offcanvas-toggle-wraper before\">\n            <a href=\"#\" class=\"ekit_navSidebar-button ekit_offcanvas-sidebar\" aria-label=\"offcanvas-menu\">\n                <i aria-hidden=\"true\" class=\"icon icon-burger-menu\"><\/i>            <\/a>\n        <\/div>\n        <!-- offset cart strart -->\n        <!-- sidebar cart item -->\n        <div class=\"ekit-sidebar-group info-group ekit-slide\" data-settings=\"{&quot;disable_bodyscroll&quot;:&quot;&quot;}\">\n            <div class=\"ekit-overlay ekit-bg-black\"><\/div>\n            <div class=\"ekit-sidebar-widget\">\n                <div class=\"ekit_sidebar-widget-container\">\n                    <div class=\"ekit_widget-heading before\">\n                        <a href=\"#\" class=\"ekit_close-side-widget\" aria-label=\"close-icon\">\n\n\t\t\t\t\t\t\t<i aria-hidden=\"true\" class=\"fas fa-times\"><\/i>\n                        <\/a>\n                    <\/div>\n                    <div class=\"ekit_sidebar-textwidget\">\n                        \n\t\t<div class=\"widgetarea_warper widgetarea_warper_editable\" data-elementskit-widgetarea-key=\"217a2e3\"  data-elementskit-widgetarea-index=\"99\">\n\t\t\t\n\t\t\t\n\t\t\t\t\t\t\t\t<div class=\"ekit-widget-area-container\">\n\t\t\t\t\tClick on the Edit Content button to edit\/add the content.\t\t\t\t\t<\/div>\n\t\t\t\t\t\t<\/div>\n\t\t \n                    <\/div>\n                <\/div>\n            <\/div>\n        <\/div> <!-- END sidebar widget item -->\n        <!-- END offset cart strart -->\n        <\/div>\t\t\t\t<\/div>\n\t\t\t\t<\/div>\n\t\t\t\t\t<\/div>\n\t\t\t\t<\/div>\n\t\t<div class=\"elementor-element elementor-element-d816df3 e-flex e-con-boxed e-con e-parent\" data-id=\"d816df3\" data-element_type=\"container\" data-e-type=\"container\">\n\t\t\t\t\t<div class=\"e-con-inner\">\n\t\t\t\t\t<\/div>\n\t\t\t\t<\/div>\n\t\t\t\t<\/div>","protected":false},"excerpt":{"rendered":"<p>Velkommen til \u00e5 booke surfe kurs hos oss, priser fra kun kr 250,-pr deltaker, inkludert instrukt\u00f8r og utstyr ! ( Prisen betinger minimum 12 deltagere, eller minimum kr 3000,- \u00e5 betale, dersom mindre en 12 deltakere, eks. dersom dere er kun 6 deltakere blir total prisen pr deltaker kr 500,- ) &nbsp;Dette surfe kurset er [&hellip;]<\/p>\n","protected":false},"author":8,"featured_media":843,"parent":0,"menu_order":0,"comment_status":"closed","ping_status":"closed","template":"","meta":{"_monsterinsights_skip_tracking":false,"_monsterinsights_sitenote_active":false,"_monsterinsights_sitenote_note":"","_monsterinsights_sitenote_category":0,"footnotes":""},"class_list":["post-1104","page","type-page","status-publish","has-post-thumbnail","hentry"],"aioseo_notices":[],"_links":{"self":[{"href":"https:\/\/surfschool.no\/en\/wp-json\/wp\/v2\/pages\/1104","targetHints":{"allow":["GET"]}}],"collection":[{"href":"https:\/\/surfschool.no\/en\/wp-json\/wp\/v2\/pages"}],"about":[{"href":"https:\/\/surfschool.no\/en\/wp-json\/wp\/v2\/types\/page"}],"author":[{"embeddable":true,"href":"https:\/\/surfschool.no\/en\/wp-json\/wp\/v2\/users\/8"}],"replies":[{"embeddable":true,"href":"https:\/\/surfschool.no\/en\/wp-json\/wp\/v2\/comments?post=1104"}],"version-history":[{"count":60,"href":"https:\/\/surfschool.no\/en\/wp-json\/wp\/v2\/pages\/1104\/revisions"}],"predecessor-version":[{"id":29614,"href":"https:\/\/surfschool.no\/en\/wp-json\/wp\/v2\/pages\/1104\/revisions\/29614"}],"wp:featuredmedia":[{"embeddable":true,"href":"https:\/\/surfschool.no\/en\/wp-json\/wp\/v2\/media\/843"}],"wp:attachment":[{"href":"https:\/\/surfschool.no\/en\/wp-json\/wp\/v2\/media?parent=1104"}],"curies":[{"name":"wp","href":"https:\/\/api.w.org\/{rel}","templated":true}]}}